{"id":1411,"date":"2025-08-18T09:43:55","date_gmt":"2025-08-18T09:43:55","guid":{"rendered":"https:\/\/fokus.hi.is\/?page_id=1411"},"modified":"2025-10-27T23:37:48","modified_gmt":"2025-10-27T23:37:48","slug":"um-verkefnid","status":"publish","type":"page","link":"https:\/\/fokus.hi.is\/en\/um-verkefnid\/","title":{"rendered":"About the project"},"content":{"rendered":"<div data-elementor-type=\"wp-page\" data-elementor-id=\"1411\" class=\"elementor elementor-1411\" data-elementor-post-type=\"page\">\n\t\t\t\t<div class=\"elementor-element elementor-element-2f8b1fd e-flex e-con-boxed e-con e-parent\" data-id=\"2f8b1fd\" data-element_type=\"container\" data-e-type=\"container\">\n\t\t\t\t\t<div class=\"e-con-inner\">\n\t\t\t\t<div class=\"elementor-element elementor-element-b071629 elementor-widget elementor-widget-heading\" data-id=\"b071629\" data-element_type=\"widget\" data-e-type=\"widget\" data-widget_type=\"heading.default\">\n\t\t\t\t<div class=\"elementor-widget-container\">\n\t\t\t\t\t<h1 class=\"elementor-heading-title elementor-size-default\">About the project<\/h1>\t\t\t\t<\/div>\n\t\t\t\t<\/div>\n\t\t\t\t\t<\/div>\n\t\t\t\t<\/div>\n\t\t<div class=\"elementor-element elementor-element-00168b6 e-flex e-con-boxed e-con e-parent\" data-id=\"00168b6\" data-element_type=\"container\" data-e-type=\"container\">\n\t\t\t\t\t<div class=\"e-con-inner\">\n\t\t<div class=\"elementor-element elementor-element-9642091 e-con-full e-flex e-con e-child\" data-id=\"9642091\" data-element_type=\"container\" data-e-type=\"container\" data-settings=\"{&quot;background_background&quot;:&quot;classic&quot;}\">\n\t\t<div class=\"elementor-element elementor-element-25bbee3 e-con-full e-flex e-con e-child\" data-id=\"25bbee3\" data-element_type=\"container\" data-e-type=\"container\">\n\t\t\t\t<div class=\"elementor-element elementor-element-3f1b660 elementor-widget elementor-widget-heading\" data-id=\"3f1b660\" data-element_type=\"widget\" data-e-type=\"widget\" data-widget_type=\"heading.default\">\n\t\t\t\t<div class=\"elementor-widget-container\">\n\t\t\t\t\t<h2 class=\"elementor-heading-title elementor-size-default\">Equity and sustainability<\/h2>\t\t\t\t<\/div>\n\t\t\t\t<\/div>\n\t\t\t\t<div class=\"elementor-element elementor-element-b81615a elementor-widget elementor-widget-text-editor\" data-id=\"b81615a\" data-element_type=\"widget\" data-e-type=\"widget\" data-widget_type=\"text-editor.default\">\n\t\t\t\t<div class=\"elementor-widget-container\">\n\t\t\t\t\t\t\t\t\t<p>The research project <strong>Centring Families in Iceland\u2019s Just Transition was held on October 9 at Saga, Hagatorg.<\/strong>\u00a0examines how low-carbon energy transition can be just and equitable for families across Iceland.\nThe goal is to understand how an equitable transition can be the reality of daily life and how the concepts of family, community and nature emerge in both culture and everyday experience across the country.<\/p><p>The project is sponsored by <b>The British Academy<\/b>.<\/p>\t\t\t\t\t\t\t\t<\/div>\n\t\t\t\t<\/div>\n\t\t\t\t<\/div>\n\t\t<div class=\"elementor-element elementor-element-a520710 e-con-full e-transform e-flex e-con e-child\" data-id=\"a520710\" data-element_type=\"container\" data-e-type=\"container\" data-settings=\"{&quot;_transform_scale_effect&quot;:{&quot;unit&quot;:&quot;px&quot;,&quot;size&quot;:1.05,&quot;sizes&quot;:[]},&quot;_transform_scale_effect_tablet&quot;:{&quot;unit&quot;:&quot;px&quot;,&quot;size&quot;:&quot;&quot;,&quot;sizes&quot;:[]},&quot;_transform_scale_effect_mobile&quot;:{&quot;unit&quot;:&quot;px&quot;,&quot;size&quot;:&quot;&quot;,&quot;sizes&quot;:[]}}\">\n\t\t\t\t<div class=\"elementor-element elementor-element-3e083a7 elementor-widget elementor-widget-image\" data-id=\"3e083a7\" data-element_type=\"widget\" data-e-type=\"widget\" data-widget_type=\"image.default\">\n\t\t\t\t<div class=\"elementor-widget-container\">\n\t\t\t\t\t\t\t\t\t\t\t\t\t\t\t<img fetchpriority=\"high\" decoding=\"async\" width=\"800\" height=\"534\" src=\"https:\/\/fokus.hi.is\/wp-content\/uploads\/2025\/08\/Um-verkefnid-einstaett-1024x683.webp\" class=\"attachment-large size-large wp-image-1610\" alt=\"\" srcset=\"https:\/\/fokus.hi.is\/wp-content\/uploads\/2025\/08\/Um-verkefnid-einstaett-1024x683.webp 1024w, https:\/\/fokus.hi.is\/wp-content\/uploads\/2025\/08\/Um-verkefnid-einstaett-300x200.webp 300w, https:\/\/fokus.hi.is\/wp-content\/uploads\/2025\/08\/Um-verkefnid-einstaett-768x512.webp 768w, https:\/\/fokus.hi.is\/wp-content\/uploads\/2025\/08\/Um-verkefnid-einstaett.webp 1536w\" sizes=\"(max-width: 800px) 100vw, 800px\" \/>\t\t\t\t\t\t\t\t\t\t\t\t\t\t\t<\/div>\n\t\t\t\t<\/div>\n\t\t\t\t<\/div>\n\t\t\t\t<\/div>\n\t\t\t\t\t<\/div>\n\t\t\t\t<\/div>\n\t\t<div class=\"elementor-element elementor-element-295b8bb e-flex e-con-boxed e-con e-parent\" data-id=\"295b8bb\" data-element_type=\"container\" data-e-type=\"container\">\n\t\t\t\t\t<div class=\"e-con-inner\">\n\t\t<div class=\"elementor-element elementor-element-61637ce e-con-full e-flex e-con e-child\" data-id=\"61637ce\" data-element_type=\"container\" data-e-type=\"container\" data-settings=\"{&quot;background_background&quot;:&quot;classic&quot;}\">\n\t\t<div class=\"elementor-element elementor-element-4bbabbd e-con-full e-flex e-con e-child\" data-id=\"4bbabbd\" data-element_type=\"container\" data-e-type=\"container\">\n\t\t\t\t<div class=\"elementor-element elementor-element-99d46cd elementor-widget elementor-widget-image\" data-id=\"99d46cd\" data-element_type=\"widget\" data-e-type=\"widget\" data-widget_type=\"image.default\">\n\t\t\t\t<div class=\"elementor-widget-container\">\n\t\t\t\t\t\t\t\t\t\t\t\t\t\t\t<img decoding=\"async\" width=\"500\" height=\"500\" src=\"https:\/\/fokus.hi.is\/wp-content\/uploads\/2025\/08\/samvinna-fraeda-og-samfelags.webp\" class=\"attachment-large size-large wp-image-1484\" alt=\"\" srcset=\"https:\/\/fokus.hi.is\/wp-content\/uploads\/2025\/08\/samvinna-fraeda-og-samfelags.webp 500w, https:\/\/fokus.hi.is\/wp-content\/uploads\/2025\/08\/samvinna-fraeda-og-samfelags-300x300.webp 300w, https:\/\/fokus.hi.is\/wp-content\/uploads\/2025\/08\/samvinna-fraeda-og-samfelags-150x150.webp 150w\" sizes=\"(max-width: 500px) 100vw, 500px\" \/>\t\t\t\t\t\t\t\t\t\t\t\t\t\t\t<\/div>\n\t\t\t\t<\/div>\n\t\t\t\t<\/div>\n\t\t<div class=\"elementor-element elementor-element-1bb598a e-con-full e-flex e-con e-child\" data-id=\"1bb598a\" data-element_type=\"container\" data-e-type=\"container\">\n\t\t\t\t<div class=\"elementor-element elementor-element-564909d elementor-widget elementor-widget-heading\" data-id=\"564909d\" data-element_type=\"widget\" data-e-type=\"widget\" data-widget_type=\"heading.default\">\n\t\t\t\t<div class=\"elementor-widget-container\">\n\t\t\t\t\t<h2 class=\"elementor-heading-title elementor-size-default\">Collaboration between science and society<\/h2>\t\t\t\t<\/div>\n\t\t\t\t<\/div>\n\t\t\t\t<div class=\"elementor-element elementor-element-ba18b78 elementor-widget elementor-widget-text-editor\" data-id=\"ba18b78\" data-element_type=\"widget\" data-e-type=\"widget\" data-widget_type=\"text-editor.default\">\n\t\t\t\t<div class=\"elementor-widget-container\">\n\t\t\t\t\t\t\t\t\t<p>The project builds bridges between <b>researchers<\/b>, <b>families <\/b>and <b>policymakers. <\/b>By connecting theoretical analysis with the lived experience of families across the country, an opportunity is created for collaboration and dialogue which can lay the foundations for a more equitable and realistic climate policy.<\/p>\t\t\t\t\t\t\t\t<\/div>\n\t\t\t\t<\/div>\n\t\t\t\t<\/div>\n\t\t\t\t<\/div>\n\t\t\t\t\t<\/div>\n\t\t\t\t<\/div>\n\t\t<div class=\"elementor-element elementor-element-af6fd39 e-flex e-con-boxed e-con e-parent\" data-id=\"af6fd39\" data-element_type=\"container\" data-e-type=\"container\">\n\t\t\t\t\t<div class=\"e-con-inner\">\n\t\t<div class=\"elementor-element elementor-element-9f1b0fb e-con-full e-flex e-con e-child\" data-id=\"9f1b0fb\" data-element_type=\"container\" data-e-type=\"container\" data-settings=\"{&quot;background_background&quot;:&quot;classic&quot;}\">\n\t\t<div class=\"elementor-element elementor-element-fe4e8dc e-con-full e-flex e-con e-child\" data-id=\"fe4e8dc\" data-element_type=\"container\" data-e-type=\"container\">\n\t\t\t\t<div class=\"elementor-element elementor-element-ade245b elementor-widget elementor-widget-heading\" data-id=\"ade245b\" data-element_type=\"widget\" data-e-type=\"widget\" data-widget_type=\"heading.default\">\n\t\t\t\t<div class=\"elementor-widget-container\">\n\t\t\t\t\t<h2 class=\"elementor-heading-title elementor-size-default\">Two approaches \u2013 one goal<\/h2>\t\t\t\t<\/div>\n\t\t\t\t<\/div>\n\t\t\t\t<div class=\"elementor-element elementor-element-59c8009 elementor-widget elementor-widget-text-editor\" data-id=\"59c8009\" data-element_type=\"widget\" data-e-type=\"widget\" data-widget_type=\"text-editor.default\">\n\t\t\t\t<div class=\"elementor-widget-container\">\n\t\t\t\t\t\t\t\t\t<p>The analysis consists of <b>two methods<\/b> which combine in one goal:<\/p>\n<ul>\n<li><strong>A cultural analysis<\/strong> of Icelandic literature and film from 1944 to the present explores how themes of family, nature and sustainability have evolved and shaped the nation's cultural identity.<\/li>\n<li><strong>Voices of families<\/strong> in modern times, bringing together 50 households with children from across the country who share their stories through interviews, creative writing by kids and parents, and family photographs. Together, these contributions create a portrait of lived experiences shaped by diverse backgrounds and the different communities and homes in which they live.<\/li>\n<\/ul>\t\t\t\t\t\t\t\t<\/div>\n\t\t\t\t<\/div>\n\t\t\t\t<\/div>\n\t\t<div class=\"elementor-element elementor-element-f3969f8 e-con-full e-flex e-con e-child\" data-id=\"f3969f8\" data-element_type=\"container\" data-e-type=\"container\">\n\t\t\t\t<div class=\"elementor-element elementor-element-ed5cb30 e-transform elementor-widget elementor-widget-image\" data-id=\"ed5cb30\" data-element_type=\"widget\" data-e-type=\"widget\" data-settings=\"{&quot;_transform_scale_effect&quot;:{&quot;unit&quot;:&quot;px&quot;,&quot;size&quot;:1.1,&quot;sizes&quot;:[]},&quot;_transform_scale_effect_tablet&quot;:{&quot;unit&quot;:&quot;px&quot;,&quot;size&quot;:&quot;&quot;,&quot;sizes&quot;:[]},&quot;_transform_scale_effect_mobile&quot;:{&quot;unit&quot;:&quot;px&quot;,&quot;size&quot;:&quot;&quot;,&quot;sizes&quot;:[]}}\" data-widget_type=\"image.default\">\n\t\t\t\t<div class=\"elementor-widget-container\">\n\t\t\t\t\t\t\t\t\t\t\t\t\t\t\t<img decoding=\"async\" width=\"500\" height=\"500\" src=\"https:\/\/fokus.hi.is\/wp-content\/uploads\/2025\/08\/menningarleg-greining-raddir-fjolskyldna.webp\" class=\"attachment-large size-large wp-image-1491\" alt=\"\" srcset=\"https:\/\/fokus.hi.is\/wp-content\/uploads\/2025\/08\/menningarleg-greining-raddir-fjolskyldna.webp 500w, https:\/\/fokus.hi.is\/wp-content\/uploads\/2025\/08\/menningarleg-greining-raddir-fjolskyldna-300x300.webp 300w, https:\/\/fokus.hi.is\/wp-content\/uploads\/2025\/08\/menningarleg-greining-raddir-fjolskyldna-150x150.webp 150w\" sizes=\"(max-width: 500px) 100vw, 500px\" \/>\t\t\t\t\t\t\t\t\t\t\t\t\t\t\t<\/div>\n\t\t\t\t<\/div>\n\t\t\t\t<\/div>\n\t\t\t\t<\/div>\n\t\t\t\t\t<\/div>\n\t\t\t\t<\/div>\n\t\t<div class=\"elementor-element elementor-element-7f9f1bf e-flex e-con-boxed e-con e-parent\" data-id=\"7f9f1bf\" data-element_type=\"container\" data-e-type=\"container\">\n\t\t\t\t\t<div class=\"e-con-inner\">\n\t\t<div class=\"elementor-element elementor-element-479cf73 e-con-full e-flex e-con e-child\" data-id=\"479cf73\" data-element_type=\"container\" data-e-type=\"container\" data-settings=\"{&quot;background_background&quot;:&quot;classic&quot;}\">\n\t\t<div class=\"elementor-element elementor-element-210da63 e-con-full e-flex e-con e-child\" data-id=\"210da63\" data-element_type=\"container\" data-e-type=\"container\" data-settings=\"{&quot;background_background&quot;:&quot;classic&quot;}\">\n\t\t\t\t<div class=\"elementor-element elementor-element-5e43ac7 e-transform e-transform elementor-widget elementor-widget-image\" data-id=\"5e43ac7\" data-element_type=\"widget\" data-e-type=\"widget\" data-settings=\"{&quot;_transform_translateX_effect&quot;:{&quot;unit&quot;:&quot;px&quot;,&quot;size&quot;:18,&quot;sizes&quot;:[]},&quot;_transform_translateX_effect_tablet&quot;:{&quot;unit&quot;:&quot;%&quot;,&quot;size&quot;:&quot;&quot;,&quot;sizes&quot;:[]},&quot;_transform_translateX_effect_mobile&quot;:{&quot;unit&quot;:&quot;%&quot;,&quot;size&quot;:&quot;&quot;,&quot;sizes&quot;:[]},&quot;_transform_translateY_effect&quot;:{&quot;unit&quot;:&quot;px&quot;,&quot;size&quot;:-10,&quot;sizes&quot;:[]},&quot;_transform_scale_effect&quot;:{&quot;unit&quot;:&quot;px&quot;,&quot;size&quot;:1.2,&quot;sizes&quot;:[]},&quot;_transform_translateY_effect_tablet&quot;:{&quot;unit&quot;:&quot;px&quot;,&quot;size&quot;:&quot;&quot;,&quot;sizes&quot;:[]},&quot;_transform_translateY_effect_mobile&quot;:{&quot;unit&quot;:&quot;px&quot;,&quot;size&quot;:&quot;&quot;,&quot;sizes&quot;:[]},&quot;_transform_scale_effect_tablet&quot;:{&quot;unit&quot;:&quot;px&quot;,&quot;size&quot;:&quot;&quot;,&quot;sizes&quot;:[]},&quot;_transform_scale_effect_mobile&quot;:{&quot;unit&quot;:&quot;px&quot;,&quot;size&quot;:&quot;&quot;,&quot;sizes&quot;:[]}}\" data-widget_type=\"image.default\">\n\t\t\t\t<div class=\"elementor-widget-container\">\n\t\t\t\t\t\t\t\t\t\t\t\t\t\t\t<img loading=\"lazy\" decoding=\"async\" width=\"800\" height=\"710\" src=\"https:\/\/fokus.hi.is\/wp-content\/uploads\/2025\/06\/Banner6.webp\" class=\"attachment-large size-large wp-image-903\" alt=\"\" srcset=\"https:\/\/fokus.hi.is\/wp-content\/uploads\/2025\/06\/Banner6.webp 860w, https:\/\/fokus.hi.is\/wp-content\/uploads\/2025\/06\/Banner6-300x266.webp 300w, https:\/\/fokus.hi.is\/wp-content\/uploads\/2025\/06\/Banner6-768x681.webp 768w\" sizes=\"(max-width: 800px) 100vw, 800px\" \/>\t\t\t\t\t\t\t\t\t\t\t\t\t\t\t<\/div>\n\t\t\t\t<\/div>\n\t\t\t\t<\/div>\n\t\t<div class=\"elementor-element elementor-element-4d34246 e-con-full e-flex e-con e-child\" data-id=\"4d34246\" data-element_type=\"container\" data-e-type=\"container\">\n\t\t\t\t<div class=\"elementor-element elementor-element-0d1ad54 elementor-widget elementor-widget-heading\" data-id=\"0d1ad54\" data-element_type=\"widget\" data-e-type=\"widget\" data-widget_type=\"heading.default\">\n\t\t\t\t<div class=\"elementor-widget-container\">\n\t\t\t\t\t<h2 class=\"elementor-heading-title elementor-size-default translation-block\">Just transitions in<br>an Icelandic context<\/h2>\t\t\t\t<\/div>\n\t\t\t\t<\/div>\n\t\t\t\t<div class=\"elementor-element elementor-element-e0e435e elementor-widget elementor-widget-text-editor\" data-id=\"e0e435e\" data-element_type=\"widget\" data-e-type=\"widget\" data-widget_type=\"text-editor.default\">\n\t\t\t\t<div class=\"elementor-widget-container\">\n\t\t\t\t\t\t\t\t\t<p>Iceland aims for <b>carbon neutrality<\/b> by the year 2040. On the international stage, emphasis is placed on ensuring that climate action is fair, and that costs and benefits are not distributed unjustly between groups. Nevertheless, the role of the family as a fundamental social unit has often been underestimated in this discussion. This project fills that gap by exploring how families experience, understand and engage in climate action, and how these experiences can shed new light on future policymaking.<\/p>\t\t\t\t\t\t\t\t<\/div>\n\t\t\t\t<\/div>\n\t\t\t\t<\/div>\n\t\t\t\t<\/div>\n\t\t\t\t\t<\/div>\n\t\t\t\t<\/div>\n\t\t<div class=\"elementor-element elementor-element-fb5e974 e-flex e-con-boxed e-con e-parent\" data-id=\"fb5e974\" data-element_type=\"container\" data-e-type=\"container\" data-settings=\"{&quot;background_background&quot;:&quot;classic&quot;}\">\n\t\t\t\t\t<div class=\"e-con-inner\">\n\t\t<div class=\"elementor-element elementor-element-e15f081 e-con-full e-flex e-con e-child\" data-id=\"e15f081\" data-element_type=\"container\" data-e-type=\"container\">\n\t\t<div class=\"elementor-element elementor-element-4b59cea e-con-full e-flex e-con e-child\" data-id=\"4b59cea\" data-element_type=\"container\" data-e-type=\"container\">\n\t\t\t\t<div class=\"elementor-element elementor-element-ae3ed20 elementor-widget elementor-widget-heading\" data-id=\"ae3ed20\" data-element_type=\"widget\" data-e-type=\"widget\" data-widget_type=\"heading.default\">\n\t\t\t\t<div class=\"elementor-widget-container\">\n\t\t\t\t\t<h2 class=\"elementor-heading-title elementor-size-default\">Are we<br>looking for you?<\/h2>\t\t\t\t<\/div>\n\t\t\t\t<\/div>\n\t\t\t\t<div class=\"elementor-element elementor-element-311de5a elementor-widget elementor-widget-text-editor\" data-id=\"311de5a\" data-element_type=\"widget\" data-e-type=\"widget\" data-widget_type=\"text-editor.default\">\n\t\t\t\t<div class=\"elementor-widget-container\">\n\t\t\t\t\t\t\t\t\t<p data-pm-slice=\"0 0 []\">We are seeking <strong>diverse families<\/strong> who have, or live with, a child <strong>under the age<\/strong> of 18.\u00a0<\/p><p data-pm-slice=\"0 0 []\"><b>All family types are welcome<\/b> \u2014 every voice matters.<\/p>\t\t\t\t\t\t\t\t<\/div>\n\t\t\t\t<\/div>\n\t\t\t\t<div class=\"elementor-element elementor-element-44bb52d elementor-align-left hover-resize elementor-mobile-align-center elementor-widget elementor-widget-button\" data-id=\"44bb52d\" data-element_type=\"widget\" data-e-type=\"widget\" data-widget_type=\"button.default\">\n\t\t\t\t<div class=\"elementor-widget-container\">\n\t\t\t\t\t\t\t\t\t<div class=\"elementor-button-wrapper\">\n\t\t\t\t\t<a class=\"elementor-button elementor-button-link elementor-size-sm\" href=\"https:\/\/fokus.hi.is\/en\/hafa-samband\/\">\n\t\t\t\t\t\t<span class=\"elementor-button-content-wrapper\">\n\t\t\t\t\t\t\t\t\t<span class=\"elementor-button-text\">CONTACT US<\/span>\n\t\t\t\t\t<\/span>\n\t\t\t\t\t<\/a>\n\t\t\t\t<\/div>\n\t\t\t\t\t\t\t\t<\/div>\n\t\t\t\t<\/div>\n\t\t\t\t<\/div>\n\t\t<div class=\"elementor-element elementor-element-6d2cc1e e-con-full e-flex e-con e-child\" data-id=\"6d2cc1e\" data-element_type=\"container\" data-e-type=\"container\">\n\t\t\t\t<div class=\"elementor-element elementor-element-a0dab3f e-transform elementor-widget elementor-widget-image\" data-id=\"a0dab3f\" data-element_type=\"widget\" data-e-type=\"widget\" data-settings=\"{&quot;_transform_scale_effect&quot;:{&quot;unit&quot;:&quot;px&quot;,&quot;size&quot;:0.7,&quot;sizes&quot;:[]},&quot;_transform_scale_effect_tablet&quot;:{&quot;unit&quot;:&quot;px&quot;,&quot;size&quot;:&quot;&quot;,&quot;sizes&quot;:[]},&quot;_transform_scale_effect_mobile&quot;:{&quot;unit&quot;:&quot;px&quot;,&quot;size&quot;:&quot;&quot;,&quot;sizes&quot;:[]}}\" data-widget_type=\"image.default\">\n\t\t\t\t<div class=\"elementor-widget-container\">\n\t\t\t\t\t\t\t\t\t\t\t\t\t\t\t<img loading=\"lazy\" decoding=\"async\" width=\"800\" height=\"800\" src=\"https:\/\/fokus.hi.is\/wp-content\/uploads\/2025\/08\/erum-vid-ad-leita-ad-ther.webp\" class=\"attachment-large size-large wp-image-1580\" alt=\"\" srcset=\"https:\/\/fokus.hi.is\/wp-content\/uploads\/2025\/08\/erum-vid-ad-leita-ad-ther.webp 1024w, https:\/\/fokus.hi.is\/wp-content\/uploads\/2025\/08\/erum-vid-ad-leita-ad-ther-300x300.webp 300w, https:\/\/fokus.hi.is\/wp-content\/uploads\/2025\/08\/erum-vid-ad-leita-ad-ther-150x150.webp 150w, https:\/\/fokus.hi.is\/wp-content\/uploads\/2025\/08\/erum-vid-ad-leita-ad-ther-768x768.webp 768w\" sizes=\"(max-width: 800px) 100vw, 800px\" \/>\t\t\t\t\t\t\t\t\t\t\t\t\t\t\t<\/div>\n\t\t\t\t<\/div>\n\t\t\t\t<\/div>\n\t\t\t\t<\/div>\n\t\t\t\t\t<\/div>\n\t\t\t\t<\/div>\n\t\t\t\t<\/div>","protected":false},"excerpt":{"rendered":"<p>Um verkefni\u00f0 R\u00e9ttl\u00e6ti og sj\u00e1lfb\u00e6rni Ranns\u00f3knarverkefni\u00f0 F\u00f3kus \u00e1 fj\u00f6lskyldur \u00ed r\u00e9ttl\u00e1tum umskiptum\u00a0varpar lj\u00f3si \u00e1 lykilhlutverk \u00edslenskra fj\u00f6lskyldna \u00ed loftslagsa\u00f0ger\u00f0um og sj\u00e1lfb\u00e6rni. Markmi\u00f0i\u00f0 er a\u00f0 skilja hvernig r\u00e9ttl\u00e1t umskipti geta or\u00f0i\u00f0 a\u00f0 veruleika \u00ed daglegu l\u00edfi f\u00f3lks og hvernig hugmyndir um fj\u00f6lskyldu, samf\u00e9lag og n\u00e1tt\u00faru birtast b\u00e6\u00f0i \u00ed menningu og reynslu f\u00f3lks um land allt. Verkefni\u00f0 [&hellip;]<\/p>\n","protected":false},"author":12,"featured_media":0,"parent":0,"menu_order":0,"comment_status":"closed","ping_status":"closed","template":"","meta":{"_acf_changed":false,"footnotes":""},"class_list":["post-1411","page","type-page","status-publish","hentry"],"acf":[],"aioseo_notices":[],"_links":{"self":[{"href":"https:\/\/fokus.hi.is\/en\/wp-json\/wp\/v2\/pages\/1411","targetHints":{"allow":["GET"]}}],"collection":[{"href":"https:\/\/fokus.hi.is\/en\/wp-json\/wp\/v2\/pages"}],"about":[{"href":"https:\/\/fokus.hi.is\/en\/wp-json\/wp\/v2\/types\/page"}],"author":[{"embeddable":true,"href":"https:\/\/fokus.hi.is\/en\/wp-json\/wp\/v2\/users\/12"}],"replies":[{"embeddable":true,"href":"https:\/\/fokus.hi.is\/en\/wp-json\/wp\/v2\/comments?post=1411"}],"version-history":[{"count":169,"href":"https:\/\/fokus.hi.is\/en\/wp-json\/wp\/v2\/pages\/1411\/revisions"}],"predecessor-version":[{"id":2207,"href":"https:\/\/fokus.hi.is\/en\/wp-json\/wp\/v2\/pages\/1411\/revisions\/2207"}],"wp:attachment":[{"href":"https:\/\/fokus.hi.is\/en\/wp-json\/wp\/v2\/media?parent=1411"}],"curies":[{"name":"wp","href":"https:\/\/api.w.org\/{rel}","templated":true}]}}