{"id":1323,"date":"2025-06-27T10:11:54","date_gmt":"2025-06-27T10:11:54","guid":{"rendered":"https:\/\/fokus.hi.is\/?page_id=1323"},"modified":"2025-08-30T10:19:39","modified_gmt":"2025-08-30T10:19:39","slug":"greinar-utgafa","status":"publish","type":"page","link":"https:\/\/fokus.hi.is\/en\/greinar-utgafa\/","title":{"rendered":"Articles \/ Publications"},"content":{"rendered":"\t\t<div data-elementor-type=\"wp-page\" data-elementor-id=\"1323\" class=\"elementor elementor-1323\" data-elementor-post-type=\"page\">\n\t\t\t\t<div class=\"elementor-element elementor-element-c516583 e-flex e-con-boxed e-con e-parent\" data-id=\"c516583\" data-element_type=\"container\" data-e-type=\"container\">\n\t\t\t\t\t<div class=\"e-con-inner\">\n\t\t\t\t<div class=\"elementor-element elementor-element-9419fc8 elementor-widget elementor-widget-heading\" data-id=\"9419fc8\" data-element_type=\"widget\" data-e-type=\"widget\" data-widget_type=\"heading.default\">\n\t\t\t\t<div class=\"elementor-widget-container\">\n\t\t\t\t\t<h1 class=\"elementor-heading-title elementor-size-default\">Greinar \/ \u00datg\u00e1fa<\/h1>\t\t\t\t<\/div>\n\t\t\t\t<\/div>\n\t\t\t\t\t<\/div>\n\t\t\t\t<\/div>\n\t\t<div class=\"elementor-element elementor-element-d10eaae e-flex e-con-boxed e-con e-parent\" data-id=\"d10eaae\" data-element_type=\"container\" data-e-type=\"container\">\n\t\t\t\t\t<div class=\"e-con-inner\">\n\t\t\t\t<div class=\"elementor-element elementor-element-db5b303 elementor-grid-3 elementor-grid-tablet-2 elementor-grid-mobile-1 elementor-widget elementor-widget-loop-grid\" data-id=\"db5b303\" data-element_type=\"widget\" data-e-type=\"widget\" data-settings=\"{&quot;template_id&quot;:&quot;940&quot;,&quot;_skin&quot;:&quot;post&quot;,&quot;columns&quot;:&quot;3&quot;,&quot;columns_tablet&quot;:&quot;2&quot;,&quot;columns_mobile&quot;:&quot;1&quot;,&quot;edit_handle_selector&quot;:&quot;[data-elementor-type=\\&quot;loop-item\\&quot;]&quot;,&quot;row_gap&quot;:{&quot;unit&quot;:&quot;px&quot;,&quot;size&quot;:&quot;&quot;,&quot;sizes&quot;:[]},&quot;row_gap_tablet&quot;:{&quot;unit&quot;:&quot;px&quot;,&quot;size&quot;:&quot;&quot;,&quot;sizes&quot;:[]},&quot;row_gap_mobile&quot;:{&quot;unit&quot;:&quot;px&quot;,&quot;size&quot;:&quot;&quot;,&quot;sizes&quot;:[]}}\" data-widget_type=\"loop-grid.post\">\n\t\t\t\t<div class=\"elementor-widget-container\">\n\t\t\t\t\t\t\t<div class=\"e-loop-nothing-found-message\">\n\t\t\t\t\t<div class=\"e-loop-nothing-found-message__text\">\n\t\t\t\t<h5>Engar greinar\/\u00fatg\u00e1fur hafa veri\u00f0 birtar.<\/h5>\n\n<br>\n<p style=\"font-size:20px\">\u00de\u00fa g\u00e6tir vilja\u00f0 <a href=\"\/frettir\">sko\u00f0a fr\u00e9ttir<\/a> e\u00f0a \n\n    <a href=\"\/\">fara \u00e1 fors\u00ed\u00f0u<\/a>.\n<\/p>\t\t\t<\/div>\n\t\t\t<\/div>\n\t\t\t\t\t\t<\/div>\n\t\t\t\t<\/div>\n\t\t\t\t\t<\/div>\n\t\t\t\t<\/div>\n\t\t\t\t<\/div>\n\t\t","protected":false},"excerpt":{"rendered":"<p>Articles \/ Publications<\/p>","protected":false},"author":12,"featured_media":0,"parent":0,"menu_order":0,"comment_status":"closed","ping_status":"closed","template":"","meta":{"_acf_changed":false,"footnotes":""},"class_list":["post-1323","page","type-page","status-publish","hentry"],"acf":[],"aioseo_notices":[],"_links":{"self":[{"href":"https:\/\/fokus.hi.is\/en\/wp-json\/wp\/v2\/pages\/1323","targetHints":{"allow":["GET"]}}],"collection":[{"href":"https:\/\/fokus.hi.is\/en\/wp-json\/wp\/v2\/pages"}],"about":[{"href":"https:\/\/fokus.hi.is\/en\/wp-json\/wp\/v2\/types\/page"}],"author":[{"embeddable":true,"href":"https:\/\/fokus.hi.is\/en\/wp-json\/wp\/v2\/users\/12"}],"replies":[{"embeddable":true,"href":"https:\/\/fokus.hi.is\/en\/wp-json\/wp\/v2\/comments?post=1323"}],"version-history":[{"count":25,"href":"https:\/\/fokus.hi.is\/en\/wp-json\/wp\/v2\/pages\/1323\/revisions"}],"predecessor-version":[{"id":1925,"href":"https:\/\/fokus.hi.is\/en\/wp-json\/wp\/v2\/pages\/1323\/revisions\/1925"}],"wp:attachment":[{"href":"https:\/\/fokus.hi.is\/en\/wp-json\/wp\/v2\/media?parent=1323"}],"curies":[{"name":"wp","href":"https:\/\/api.w.org\/{rel}","templated":true}]}}