{"id":1165,"date":"2025-06-25T13:41:01","date_gmt":"2025-06-25T13:41:01","guid":{"rendered":"https:\/\/fokus.hi.is\/?page_id=1165"},"modified":"2025-08-30T09:23:53","modified_gmt":"2025-08-30T09:23:53","slug":"frettir","status":"publish","type":"page","link":"https:\/\/fokus.hi.is\/en\/frettir\/","title":{"rendered":"News"},"content":{"rendered":"\t\t<div data-elementor-type=\"wp-page\" data-elementor-id=\"1165\" class=\"elementor elementor-1165\" data-elementor-post-type=\"page\">\n\t\t\t\t<div class=\"elementor-element elementor-element-a8cc444 e-flex e-con-boxed e-con e-parent\" data-id=\"a8cc444\" data-element_type=\"container\" data-e-type=\"container\">\n\t\t\t\t\t<div class=\"e-con-inner\">\n\t\t\t\t<div class=\"elementor-element elementor-element-afd94e8 elementor-widget elementor-widget-heading\" data-id=\"afd94e8\" data-element_type=\"widget\" data-e-type=\"widget\" data-widget_type=\"heading.default\">\n\t\t\t\t<div class=\"elementor-widget-container\">\n\t\t\t\t\t<h1 class=\"elementor-heading-title elementor-size-default\">Fr\u00e9ttir<\/h1>\t\t\t\t<\/div>\n\t\t\t\t<\/div>\n\t\t\t\t\t<\/div>\n\t\t\t\t<\/div>\n\t\t<div class=\"elementor-element elementor-element-b381417 e-flex e-con-boxed e-con e-parent\" data-id=\"b381417\" data-element_type=\"container\" data-e-type=\"container\">\n\t\t\t\t\t<div class=\"e-con-inner\">\n\t\t\t\t<div class=\"elementor-element elementor-element-c87af09 elementor-grid-3 elementor-grid-tablet-2 elementor-grid-mobile-1 elementor-widget elementor-widget-loop-grid\" data-id=\"c87af09\" data-element_type=\"widget\" data-e-type=\"widget\" data-settings=\"{&quot;template_id&quot;:&quot;940&quot;,&quot;_skin&quot;:&quot;post&quot;,&quot;columns&quot;:&quot;3&quot;,&quot;columns_tablet&quot;:&quot;2&quot;,&quot;columns_mobile&quot;:&quot;1&quot;,&quot;edit_handle_selector&quot;:&quot;[data-elementor-type=\\&quot;loop-item\\&quot;]&quot;,&quot;row_gap&quot;:{&quot;unit&quot;:&quot;px&quot;,&quot;size&quot;:&quot;&quot;,&quot;sizes&quot;:[]},&quot;row_gap_tablet&quot;:{&quot;unit&quot;:&quot;px&quot;,&quot;size&quot;:&quot;&quot;,&quot;sizes&quot;:[]},&quot;row_gap_mobile&quot;:{&quot;unit&quot;:&quot;px&quot;,&quot;size&quot;:&quot;&quot;,&quot;sizes&quot;:[]}}\" data-widget_type=\"loop-grid.post\">\n\t\t\t\t<div class=\"elementor-widget-container\">\n\t\t\t\t\t\t\t<div class=\"elementor-loop-container elementor-grid\" role=\"list\">\n\t\t<style id=\"loop-940\">.elementor-940 .elementor-element.elementor-element-14b54ad{--display:flex;--flex-direction:column;--container-widget-width:100%;--container-widget-height:initial;--container-widget-flex-grow:0;--container-widget-align-self:initial;--flex-wrap-mobile:wrap;--gap:10px 10px;--row-gap:10px;--column-gap:10px;--padding-top:0px;--padding-bottom:0px;--padding-left:0px;--padding-right:0px;}.elementor-940 .elementor-element.elementor-element-ddf269f{--display:flex;--padding-top:0px;--padding-bottom:0px;--padding-left:0px;--padding-right:0px;}.elementor-940 .elementor-element.elementor-element-ddf269f:not(.elementor-motion-effects-element-type-background), .elementor-940 .elementor-element.elementor-element-ddf269f > .elementor-motion-effects-container > .elementor-motion-effects-layer{background-color:#C4C4C4;}.elementor-widget-image .widget-image-caption{color:var( --e-global-color-text );font-family:var( --e-global-typography-text-font-family ), Sans-serif;font-weight:var( --e-global-typography-text-font-weight );line-height:var( --e-global-typography-text-line-height );}.elementor-940 .elementor-element.elementor-element-a786d30{--display:flex;--gap:20px 20px;--row-gap:20px;--column-gap:20px;}.elementor-widget-heading .elementor-heading-title{font-family:var( --e-global-typography-primary-font-family ), Sans-serif;font-weight:var( --e-global-typography-primary-font-weight );color:var( --e-global-color-primary );}.elementor-940 .elementor-element.elementor-element-2e6da40 .elementor-heading-title{font-family:\"Roboto\", Sans-serif;font-size:28px;font-weight:600;line-height:1.2em;color:var( --e-global-color-text );}.elementor-940 .elementor-element.elementor-element-2e6da40 .elementor-heading-title a:hover, .elementor-940 .elementor-element.elementor-element-2e6da40 .elementor-heading-title a:focus{color:#2D578D;}.elementor-940 .elementor-element.elementor-element-2e6da40 > .elementor-widget-container{margin:0px 0px 0px 0px;padding:0px 0px 0px 0px;}.elementor-940 .elementor-element.elementor-element-2e6da40{width:auto;max-width:auto;}.elementor-940 .elementor-element.elementor-element-2e6da40.elementor-element{--flex-grow:0;--flex-shrink:1;}.elementor-widget-text-editor{font-family:var( --e-global-typography-text-font-family ), Sans-serif;font-weight:var( --e-global-typography-text-font-weight );line-height:var( --e-global-typography-text-line-height );color:var( --e-global-color-text );}.elementor-widget-text-editor.elementor-drop-cap-view-stacked .elementor-drop-cap{background-color:var( --e-global-color-primary );}.elementor-widget-text-editor.elementor-drop-cap-view-framed .elementor-drop-cap, .elementor-widget-text-editor.elementor-drop-cap-view-default .elementor-drop-cap{color:var( --e-global-color-primary );border-color:var( --e-global-color-primary );}.elementor-940 .elementor-element.elementor-element-fb3109f{font-family:\"Atkinson Hyperlegible\", Sans-serif;font-weight:400;line-height:1.5em;}@media(max-width:1024px){.elementor-widget-image .widget-image-caption{line-height:var( --e-global-typography-text-line-height );}.elementor-widget-text-editor{line-height:var( --e-global-typography-text-line-height );}}@media(max-width:767px){.elementor-widget-image .widget-image-caption{line-height:var( --e-global-typography-text-line-height );}.elementor-940 .elementor-element.elementor-element-2e6da40{text-align:center;}.elementor-940 .elementor-element.elementor-element-2e6da40 .elementor-heading-title{font-size:26px;line-height:1.3em;}.elementor-widget-text-editor{line-height:var( --e-global-typography-text-line-height );}.elementor-940 .elementor-element.elementor-element-fb3109f{font-size:17px;}}\/* Start custom CSS for image, class: .elementor-element-fd27383 *\/.elementor-940 .elementor-element.elementor-element-fd27383 img {\r\n    width: 100%;\r\n    height: auto;\r\n    aspect-ratio: 3\/2;\r\n    object-fit: cover;\r\n    display: block;\r\n}\/* End custom CSS *\/<\/style>\t\t<div data-elementor-type=\"loop-item\" data-elementor-id=\"940\" class=\"elementor elementor-940 e-loop-item e-loop-item-2214 post-2214 post type-post status-publish format-standard has-post-thumbnail hentry category-frett\" data-elementor-post-type=\"elementor_library\" data-custom-edit-handle=\"1\">\n\t\t\t<a class=\"elementor-element elementor-element-14b54ad hover-resize e-flex e-con-boxed e-con e-parent\" data-id=\"14b54ad\" data-element_type=\"container\" data-e-type=\"container\" href=\"https:\/\/fokus.hi.is\/en\/hugvisindathing-2026\/\">\n\t\t\t\t\t<div class=\"e-con-inner\">\n\t\t<div class=\"elementor-element elementor-element-ddf269f e-con-full e-flex e-con e-child\" data-id=\"ddf269f\" data-element_type=\"container\" data-e-type=\"container\" data-settings=\"{&quot;background_background&quot;:&quot;classic&quot;}\">\n\t\t\t\t<div class=\"elementor-element elementor-element-fd27383 elementor-widget elementor-widget-image\" data-id=\"fd27383\" data-element_type=\"widget\" data-e-type=\"widget\" data-widget_type=\"image.default\">\n\t\t\t\t<div class=\"elementor-widget-container\">\n\t\t\t\t\t\t\t\t\t\t\t\t\t\t\t<img fetchpriority=\"high\" decoding=\"async\" width=\"800\" height=\"459\" src=\"https:\/\/fokus.hi.is\/wp-content\/uploads\/2026\/03\/Hugvisindathing2026-1024x588.jpg\" class=\"attachment-large size-large wp-image-2216\" alt=\"\" srcset=\"https:\/\/fokus.hi.is\/wp-content\/uploads\/2026\/03\/Hugvisindathing2026-1024x588.jpg 1024w, https:\/\/fokus.hi.is\/wp-content\/uploads\/2026\/03\/Hugvisindathing2026-300x172.jpg 300w, https:\/\/fokus.hi.is\/wp-content\/uploads\/2026\/03\/Hugvisindathing2026-768x441.jpg 768w, https:\/\/fokus.hi.is\/wp-content\/uploads\/2026\/03\/Hugvisindathing2026-18x10.jpg 18w, https:\/\/fokus.hi.is\/wp-content\/uploads\/2026\/03\/Hugvisindathing2026.jpg 1098w\" sizes=\"(max-width: 800px) 100vw, 800px\" \/>\t\t\t\t\t\t\t\t\t\t\t\t\t\t\t<\/div>\n\t\t\t\t<\/div>\n\t\t\t\t<\/div>\n\t\t<div class=\"elementor-element elementor-element-a786d30 e-con-full e-flex e-con e-child\" data-id=\"a786d30\" data-element_type=\"container\" data-e-type=\"container\">\n\t\t\t\t<div class=\"elementor-element elementor-element-2e6da40 elementor-widget__width-auto elementor-widget elementor-widget-heading\" data-id=\"2e6da40\" data-element_type=\"widget\" data-e-type=\"widget\" data-widget_type=\"heading.default\">\n\t\t\t\t<div class=\"elementor-widget-container\">\n\t\t\t\t\t<h2 class=\"elementor-heading-title elementor-size-default\">Hugv\u00edsinda\u00feing 2026<\/h2>\t\t\t\t<\/div>\n\t\t\t\t<\/div>\n\t\t\t\t<div class=\"elementor-element elementor-element-fb3109f elementor-widget elementor-widget-text-editor\" data-id=\"fb3109f\" data-element_type=\"widget\" data-e-type=\"widget\" data-widget_type=\"text-editor.default\">\n\t\t\t\t<div class=\"elementor-widget-container\">\n\t\t\t\t\t\t\t\t\t<p>For the University of Iceland\u2019s 2026 Hugv\u00edsinda\u00feing (Humanities Conference), a double-session featuring the Climate Change and Affect Network introduced new and ongoing research by its\t\t\t\t\t\t\t\t<\/div>\n\t\t\t\t<\/div>\n\t\t\t\t<\/div>\n\t\t\t\t\t<\/div>\n\t\t\t\t<\/a>\n\t\t\t\t<\/div>\n\t\t\t\t<div data-elementor-type=\"loop-item\" data-elementor-id=\"940\" class=\"elementor elementor-940 e-loop-item e-loop-item-2075 post-2075 post type-post status-publish format-standard has-post-thumbnail hentry category-frett\" data-elementor-post-type=\"elementor_library\" data-custom-edit-handle=\"1\">\n\t\t\t<a class=\"elementor-element elementor-element-14b54ad hover-resize e-flex e-con-boxed e-con e-parent\" data-id=\"14b54ad\" data-element_type=\"container\" data-e-type=\"container\" href=\"https:\/\/fokus.hi.is\/en\/kynningarvidburdur\/\">\n\t\t\t\t\t<div class=\"e-con-inner\">\n\t\t<div class=\"elementor-element elementor-element-ddf269f e-con-full e-flex e-con e-child\" data-id=\"ddf269f\" data-element_type=\"container\" data-e-type=\"container\" data-settings=\"{&quot;background_background&quot;:&quot;classic&quot;}\">\n\t\t\t\t<div class=\"elementor-element elementor-element-fd27383 elementor-widget elementor-widget-image\" data-id=\"fd27383\" data-element_type=\"widget\" data-e-type=\"widget\" data-widget_type=\"image.default\">\n\t\t\t\t<div class=\"elementor-widget-container\">\n\t\t\t\t\t\t\t\t\t\t\t\t\t\t\t<img decoding=\"async\" width=\"800\" height=\"600\" src=\"https:\/\/fokus.hi.is\/wp-content\/uploads\/2025\/09\/79bada33-6998-4197-bb90-ee69a9f15bd8-1-1024x768.jpeg\" class=\"attachment-large size-large wp-image-2126\" alt=\"\" srcset=\"https:\/\/fokus.hi.is\/wp-content\/uploads\/2025\/09\/79bada33-6998-4197-bb90-ee69a9f15bd8-1-1024x768.jpeg 1024w, https:\/\/fokus.hi.is\/wp-content\/uploads\/2025\/09\/79bada33-6998-4197-bb90-ee69a9f15bd8-1-300x225.jpeg 300w, https:\/\/fokus.hi.is\/wp-content\/uploads\/2025\/09\/79bada33-6998-4197-bb90-ee69a9f15bd8-1-768x576.jpeg 768w, https:\/\/fokus.hi.is\/wp-content\/uploads\/2025\/09\/79bada33-6998-4197-bb90-ee69a9f15bd8-1-1536x1152.jpeg 1536w, https:\/\/fokus.hi.is\/wp-content\/uploads\/2025\/09\/79bada33-6998-4197-bb90-ee69a9f15bd8-1-16x12.jpeg 16w, https:\/\/fokus.hi.is\/wp-content\/uploads\/2025\/09\/79bada33-6998-4197-bb90-ee69a9f15bd8-1.jpeg 2048w\" sizes=\"(max-width: 800px) 100vw, 800px\" \/>\t\t\t\t\t\t\t\t\t\t\t\t\t\t\t<\/div>\n\t\t\t\t<\/div>\n\t\t\t\t<\/div>\n\t\t<div class=\"elementor-element elementor-element-a786d30 e-con-full e-flex e-con e-child\" data-id=\"a786d30\" data-element_type=\"container\" data-e-type=\"container\">\n\t\t\t\t<div class=\"elementor-element elementor-element-2e6da40 elementor-widget__width-auto elementor-widget elementor-widget-heading\" data-id=\"2e6da40\" data-element_type=\"widget\" data-e-type=\"widget\" data-widget_type=\"heading.default\">\n\t\t\t\t<div class=\"elementor-widget-container\">\n\t\t\t\t\t<h2 class=\"elementor-heading-title elementor-size-default\">Kynningarvi\u00f0bur\u00f0ur fyrir fr\u00e6\u00f0imenn og almenning \u00ed S\u00f6gu<\/h2>\t\t\t\t<\/div>\n\t\t\t\t<\/div>\n\t\t\t\t<div class=\"elementor-element elementor-element-fb3109f elementor-widget elementor-widget-text-editor\" data-id=\"fb3109f\" data-element_type=\"widget\" data-e-type=\"widget\" data-widget_type=\"text-editor.default\">\n\t\t\t\t<div class=\"elementor-widget-container\">\n\t\t\t\t\t\t\t\t\t<p>Bo\u00f0i\u00f0 var til opinnar kynningar \u00e1 helstu \u00e1herslum ranns\u00f3knarverkefnisins F\u00f3kus \u00e1 fj\u00f6lskyldur \u00ed r\u00e9ttl\u00e1tum umskiptum \u00feann 9. okt\u00f3ber \u00ed n\u00fduppger\u00f0u h\u00fasn\u00e6\u00f0i S\u00f6gu vi\u00f0 Hagatorg. Fari\u00f0\t\t\t\t\t\t\t\t<\/div>\n\t\t\t\t<\/div>\n\t\t\t\t<\/div>\n\t\t\t\t\t<\/div>\n\t\t\t\t<\/a>\n\t\t\t\t<\/div>\n\t\t\t\t<div data-elementor-type=\"loop-item\" data-elementor-id=\"940\" class=\"elementor elementor-940 e-loop-item e-loop-item-1465 post-1465 post type-post status-publish format-standard has-post-thumbnail hentry category-frett\" data-elementor-post-type=\"elementor_library\" data-custom-edit-handle=\"1\">\n\t\t\t<a class=\"elementor-element elementor-element-14b54ad hover-resize e-flex e-con-boxed e-con e-parent\" data-id=\"14b54ad\" data-element_type=\"container\" data-e-type=\"container\" href=\"https:\/\/fokus.hi.is\/en\/opinn-fundur-med-the-climate-crisis-and-affect-netverkinu\/\">\n\t\t\t\t\t<div class=\"e-con-inner\">\n\t\t<div class=\"elementor-element elementor-element-ddf269f e-con-full e-flex e-con e-child\" data-id=\"ddf269f\" data-element_type=\"container\" data-e-type=\"container\" data-settings=\"{&quot;background_background&quot;:&quot;classic&quot;}\">\n\t\t\t\t<div class=\"elementor-element elementor-element-fd27383 elementor-widget elementor-widget-image\" data-id=\"fd27383\" data-element_type=\"widget\" data-e-type=\"widget\" data-widget_type=\"image.default\">\n\t\t\t\t<div class=\"elementor-widget-container\">\n\t\t\t\t\t\t\t\t\t\t\t\t\t\t\t<img decoding=\"async\" width=\"800\" height=\"297\" src=\"https:\/\/fokus.hi.is\/wp-content\/uploads\/2025\/08\/kri_sumar_haskolatorg_200609_001.jpg\" class=\"attachment-large size-large wp-image-1466\" alt=\"\" srcset=\"https:\/\/fokus.hi.is\/wp-content\/uploads\/2025\/08\/kri_sumar_haskolatorg_200609_001.jpg 837w, https:\/\/fokus.hi.is\/wp-content\/uploads\/2025\/08\/kri_sumar_haskolatorg_200609_001-300x111.jpg 300w, https:\/\/fokus.hi.is\/wp-content\/uploads\/2025\/08\/kri_sumar_haskolatorg_200609_001-768x285.jpg 768w\" sizes=\"(max-width: 800px) 100vw, 800px\" \/>\t\t\t\t\t\t\t\t\t\t\t\t\t\t\t<\/div>\n\t\t\t\t<\/div>\n\t\t\t\t<\/div>\n\t\t<div class=\"elementor-element elementor-element-a786d30 e-con-full e-flex e-con e-child\" data-id=\"a786d30\" data-element_type=\"container\" data-e-type=\"container\">\n\t\t\t\t<div class=\"elementor-element elementor-element-2e6da40 elementor-widget__width-auto elementor-widget elementor-widget-heading\" data-id=\"2e6da40\" data-element_type=\"widget\" data-e-type=\"widget\" data-widget_type=\"heading.default\">\n\t\t\t\t<div class=\"elementor-widget-container\">\n\t\t\t\t\t<h2 class=\"elementor-heading-title elementor-size-default\">Opinn fundur me\u00f0 The Climate Crisis and Affect netverkinu<\/h2>\t\t\t\t<\/div>\n\t\t\t\t<\/div>\n\t\t\t\t<div class=\"elementor-element elementor-element-fb3109f elementor-widget elementor-widget-text-editor\" data-id=\"fb3109f\" data-element_type=\"widget\" data-e-type=\"widget\" data-widget_type=\"text-editor.default\">\n\t\t\t\t<div class=\"elementor-widget-container\">\n\t\t\t\t\t\t\t\t\t<p>\u00cd j\u00fan\u00ed s\u00ed\u00f0astli\u00f0num hittu Utsa Mukherjee, Au\u00f0ur Magnd\u00eds og Rannveig me\u00f0limi \u00ed netverkinu Climate Crisis and Affect \u00e1 opnum fundi. Fundurinn tengdi saman verkefni\u00f0 Centring\t\t\t\t\t\t\t\t<\/div>\n\t\t\t\t<\/div>\n\t\t\t\t<\/div>\n\t\t\t\t\t<\/div>\n\t\t\t\t<\/a>\n\t\t\t\t<\/div>\n\t\t\t\t<div data-elementor-type=\"loop-item\" data-elementor-id=\"940\" class=\"elementor elementor-940 e-loop-item e-loop-item-1100 post-1100 post type-post status-publish format-standard has-post-thumbnail hentry category-frett\" data-elementor-post-type=\"elementor_library\" data-custom-edit-handle=\"1\">\n\t\t\t<a class=\"elementor-element elementor-element-14b54ad hover-resize e-flex e-con-boxed e-con e-parent\" data-id=\"14b54ad\" data-element_type=\"container\" data-e-type=\"container\" href=\"https:\/\/fokus.hi.is\/en\/rannsaka-hlutverk-fjolskyldna-i-loftslagsadgerdum\/\">\n\t\t\t\t\t<div class=\"e-con-inner\">\n\t\t<div class=\"elementor-element elementor-element-ddf269f e-con-full e-flex e-con e-child\" data-id=\"ddf269f\" data-element_type=\"container\" data-e-type=\"container\" data-settings=\"{&quot;background_background&quot;:&quot;classic&quot;}\">\n\t\t\t\t<div class=\"elementor-element elementor-element-fd27383 elementor-widget elementor-widget-image\" data-id=\"fd27383\" data-element_type=\"widget\" data-e-type=\"widget\" data-widget_type=\"image.default\">\n\t\t\t\t<div class=\"elementor-widget-container\">\n\t\t\t\t\t\t\t\t\t\t\t\t\t\t\t<img loading=\"lazy\" decoding=\"async\" width=\"720\" height=\"540\" src=\"https:\/\/fokus.hi.is\/wp-content\/uploads\/2025\/09\/picture.jpg\" class=\"attachment-large size-large wp-image-2117\" alt=\"\" srcset=\"https:\/\/fokus.hi.is\/wp-content\/uploads\/2025\/09\/picture.jpg 720w, https:\/\/fokus.hi.is\/wp-content\/uploads\/2025\/09\/picture-300x225.jpg 300w, https:\/\/fokus.hi.is\/wp-content\/uploads\/2025\/09\/picture-16x12.jpg 16w\" sizes=\"(max-width: 720px) 100vw, 720px\" \/>\t\t\t\t\t\t\t\t\t\t\t\t\t\t\t<\/div>\n\t\t\t\t<\/div>\n\t\t\t\t<\/div>\n\t\t<div class=\"elementor-element elementor-element-a786d30 e-con-full e-flex e-con e-child\" data-id=\"a786d30\" data-element_type=\"container\" data-e-type=\"container\">\n\t\t\t\t<div class=\"elementor-element elementor-element-2e6da40 elementor-widget__width-auto elementor-widget elementor-widget-heading\" data-id=\"2e6da40\" data-element_type=\"widget\" data-e-type=\"widget\" data-widget_type=\"heading.default\">\n\t\t\t\t<div class=\"elementor-widget-container\">\n\t\t\t\t\t<h2 class=\"elementor-heading-title elementor-size-default\">Rannsaka hlutverk fj\u00f6lskyldna \u00ed loftslagsa\u00f0ger\u00f0um<\/h2>\t\t\t\t<\/div>\n\t\t\t\t<\/div>\n\t\t\t\t<div class=\"elementor-element elementor-element-fb3109f elementor-widget elementor-widget-text-editor\" data-id=\"fb3109f\" data-element_type=\"widget\" data-e-type=\"widget\" data-widget_type=\"text-editor.default\">\n\t\t\t\t<div class=\"elementor-widget-container\">\n\t\t\t\t\t\t\t\t\t<p>Fr\u00e6\u00f0imenn vi\u00f0 Menntav\u00edsindasvi\u00f0 H\u00e1sk\u00f3la \u00cdslands, Ranns\u00f3knasetur H\u00cd \u00ed \u00deingeyjarsveit og Brunel-h\u00e1sk\u00f3la \u00ed London hlutu \u00e1 d\u00f6gunum 50 millj\u00f3na kr\u00f3na styrk fr\u00e1 Bresku akadem\u00edunni til ranns\u00f3kna\t\t\t\t\t\t\t\t<\/div>\n\t\t\t\t<\/div>\n\t\t\t\t<\/div>\n\t\t\t\t\t<\/div>\n\t\t\t\t<\/a>\n\t\t\t\t<\/div>\n\t\t\t\t<\/div>\n\t\t\n\t\t\t\t\t\t<\/div>\n\t\t\t\t<\/div>\n\t\t\t\t\t<\/div>\n\t\t\t\t<\/div>\n\t\t\t\t<\/div>\n\t\t","protected":false},"excerpt":{"rendered":"<p>News<\/p>","protected":false},"author":12,"featured_media":0,"parent":0,"menu_order":0,"comment_status":"closed","ping_status":"closed","template":"","meta":{"_acf_changed":false,"footnotes":""},"class_list":["post-1165","page","type-page","status-publish","hentry"],"acf":[],"aioseo_notices":[],"_links":{"self":[{"href":"https:\/\/fokus.hi.is\/en\/wp-json\/wp\/v2\/pages\/1165","targetHints":{"allow":["GET"]}}],"collection":[{"href":"https:\/\/fokus.hi.is\/en\/wp-json\/wp\/v2\/pages"}],"about":[{"href":"https:\/\/fokus.hi.is\/en\/wp-json\/wp\/v2\/types\/page"}],"author":[{"embeddable":true,"href":"https:\/\/fokus.hi.is\/en\/wp-json\/wp\/v2\/users\/12"}],"replies":[{"embeddable":true,"href":"https:\/\/fokus.hi.is\/en\/wp-json\/wp\/v2\/comments?post=1165"}],"version-history":[{"count":46,"href":"https:\/\/fokus.hi.is\/en\/wp-json\/wp\/v2\/pages\/1165\/revisions"}],"predecessor-version":[{"id":1892,"href":"https:\/\/fokus.hi.is\/en\/wp-json\/wp\/v2\/pages\/1165\/revisions\/1892"}],"wp:attachment":[{"href":"https:\/\/fokus.hi.is\/en\/wp-json\/wp\/v2\/media?parent=1165"}],"curies":[{"name":"wp","href":"https:\/\/api.w.org\/{rel}","templated":true}]}}